{"id":114,"date":"2024-02-04T20:43:59","date_gmt":"2024-02-04T20:43:59","guid":{"rendered":"https:\/\/www.tomas-maras.cz\/?page_id=114"},"modified":"2024-03-28T17:31:23","modified_gmt":"2024-03-28T17:31:23","slug":"galerie","status":"publish","type":"page","link":"https:\/\/www.tomas-maras.cz\/index.php\/galerie\/","title":{"rendered":"OBRAZY \/ PICTURES"},"content":{"rendered":"\t<!-- CSS Part Start From Here-->\n\t<style>\n\t\t#animated-thumbnails-112 a {\n\t\t\ttext-decoration: none !important;\n\t\t\tbox-shadow: 0 0px 0 0 currentcolor !important;\n\t\t}\n\t\t\t\t\n\t\t\t#animated-thumbnails-112 img {\n\t\t\t\twidth: 100% !important;\n\t\t\t\theight: auto !important;\n\t\t\t}\n\n\t\t\t.lg-icon {\n\t\t\t\tcolor : gold !important;\n\t\t\t}\n\t\t\t.pg-title {\n\t\t\t\tcolor: white !important;\n\t\t\t}\n\t\t\t<\/style>\n\t\t<div id=\"animated-thumbnails-112\" class=\"row all-images-112\">\n\t\t\t\t\t\t\t\t\t\t\t\t<a href=\"https:\/\/www.tomas-maras.cz\/wp-content\/uploads\/2024\/02\/demon-web-1.jpg\" class=\"single-image-112 col-lg-12 col-md-12 col-sm-12 col-xs-12\" data-sub-html=\"<h4 class=pg-title data-rel=\"lightbox-gallery-RhFW6n3F\" data-rl_title=\"\u201eDEMON\" data-rl_caption=\"\" title=\"\u201eDEMON\">\u201eDEMON<\/h4>\">\n\t\t\t\t\t\t<img decoding=\"async\" class=\"thumbnail \" src=\"https:\/\/www.tomas-maras.cz\/wp-content\/uploads\/2024\/02\/demon-web-1-768x1024.jpg\"  alt=\"\u201eDEMON\"\/>\n\t\t\t\t\t<\/a>\n\t\t\t\t\t\t\t\t\t\t\n\t\t\t\t\t\t\t\t\t\t\n\t\t\t\t\t\t\t\t\t\t\t\t\t\t<a href=\"https:\/\/www.tomas-maras.cz\/wp-content\/uploads\/2024\/02\/old-autumn-web.jpg\" class=\"single-image-112 col-lg-12 col-md-12 col-sm-12 col-xs-12\" data-sub-html=\"<h4 class=pg-title data-rel=\"lightbox-gallery-RhFW6n3F\" data-rl_title=\"\u201eOLD AUTUMN\" data-rl_caption=\"\" title=\"\u201eOLD AUTUMN\">\u201eOLD AUTUMN<\/h4>\">\n\t\t\t\t\t\t<img decoding=\"async\" class=\"thumbnail \" src=\"https:\/\/www.tomas-maras.cz\/wp-content\/uploads\/2024\/02\/old-autumn-web.jpg\"  alt=\"\u201eOLD AUTUMN\"\/>\n\t\t\t\t\t<\/a>\n\t\t\t\t\t\t\t\t\t\t\n\t\t\t\t\t\t\t\t\t\t\n\t\t\t\t\t\t\t\t\t\t\t\t\t\t<a href=\"https:\/\/www.tomas-maras.cz\/wp-content\/uploads\/2024\/02\/blue-industrial-web.jpg\" class=\"single-image-112 col-lg-12 col-md-12 col-sm-12 col-xs-12\" data-sub-html=\"<h4 class=pg-title data-rel=\"lightbox-gallery-RhFW6n3F\" data-rl_title=\"\u201eBLUE INDUSTRIAL\" data-rl_caption=\"\" title=\"\u201eBLUE INDUSTRIAL\">\u201eBLUE INDUSTRIAL<\/h4>\">\n\t\t\t\t\t\t<img decoding=\"async\" class=\"thumbnail \" src=\"https:\/\/www.tomas-maras.cz\/wp-content\/uploads\/2024\/02\/blue-industrial-web-711x1024.jpg\"  alt=\"\u201eBLUE INDUSTRIAL\"\/>\n\t\t\t\t\t<\/a>\n\t\t\t\t\t\t\t\t\t\t\n\t\t\t\t\t\t\t\t\t\t\n\t\t\t\t\t\t\t\t\t\t\t\t\t\t<a href=\"https:\/\/www.tomas-maras.cz\/wp-content\/uploads\/2024\/02\/golem-web-1.jpg\" class=\"single-image-112 col-lg-12 col-md-12 col-sm-12 col-xs-12\" data-sub-html=\"<h4 class=pg-title data-rel=\"lightbox-gallery-RhFW6n3F\" data-rl_title=\"\u201eGOLEM\" data-rl_caption=\"\" title=\"\u201eGOLEM\">\u201eGOLEM<\/h4>\">\n\t\t\t\t\t\t<img decoding=\"async\" class=\"thumbnail \" src=\"https:\/\/www.tomas-maras.cz\/wp-content\/uploads\/2024\/02\/golem-web-1.jpg\"  alt=\"\u201eGOLEM\"\/>\n\t\t\t\t\t<\/a>\n\t\t\t\t\t\t\t\t\t\t\n\t\t\t\t\t\t\t\t\t\t\n\t\t\t\t\t\t\t\t\t\t\t\t\t\t<a href=\"https:\/\/www.tomas-maras.cz\/wp-content\/uploads\/2024\/02\/red-tree-web-1.jpg\" class=\"single-image-112 col-lg-12 col-md-12 col-sm-12 col-xs-12\" data-sub-html=\"<h4 class=pg-title data-rel=\"lightbox-gallery-RhFW6n3F\" data-rl_title=\"\u201eRED TREE\" data-rl_caption=\"\" title=\"\u201eRED TREE\">\u201eRED TREE<\/h4>\">\n\t\t\t\t\t\t<img decoding=\"async\" class=\"thumbnail \" src=\"https:\/\/www.tomas-maras.cz\/wp-content\/uploads\/2024\/02\/red-tree-web-1.jpg\"  alt=\"\u201eRED TREE\"\/>\n\t\t\t\t\t<\/a>\n\t\t\t\t\t\t\t\t\t\t\n\t\t\t\t\t\t\t\t\t\t\n\t\t\t\t\t<\/div>\n\t<script>\n\t\/\/thumbnail or fixed Size thumbnail\n\t\tjQuery( window ).load(function() {\n\t\t\tjQuery('#animated-thumbnails-112').lightGallery({\n\t\t\t\tthumbnail:true,\n\t\t\t\tanimateThumb: true,\n\t\t\t\t\/\/show and hide thumb setting\n\t\t\t\tshowThumbByDefault: true,\n\t\t\t\tsubHtmlSelectorRelative: true,\n\t\t\t\t\t\t\t\t\tmode : 'lg-fade',\n\t\t\t\t\t\t\t});\n\t\t});\t\n<\/script>\n<style>\n.lg-backdrop.in {\n\topacity: 0.85;\n}\n.fixed-size.lg-outer .lg-inner {\n\tbackground-color: #FFF;\n}\n.fixed-size.lg-outer .lg-sub-html {\n\tposition: absolute;\n\ttext-align: left;\n}\n.fixed-size.lg-outer .lg-toolbar {\n\tbackground-color: transparent;\n\theight: 0;\n}\n.fixed-size.lg-outer .lg-toolbar .lg-icon {\n\tcolor: #FFF;\n}\n.fixed-size.lg-outer .lg-img-wrap {\n\tpadding: 12px;\n}\n<\/style>\n<script>\njQuery(document).ready(function () {\n\t\/\/ isotope effect function\n\t\/\/ Method 1 - Initialize Isotope, then trigger layout after each image loads.\n\tvar $grid = jQuery('.all-images-112').isotope({\n\t\t\/\/ options...\n\t\titemSelector: '.single-image-112',\n\t});\n\t\/\/ layout Isotope after each image loads\n\t$grid.imagesLoaded().progress( function() {\n\t\t$grid.isotope('layout');\n\t});\n});\n<\/script>\n\n","protected":false},"excerpt":{"rendered":"","protected":false},"author":1,"featured_media":0,"parent":0,"menu_order":0,"comment_status":"closed","ping_status":"closed","template":"","meta":{"footnotes":""},"yoast_head":"<!-- This site is optimized with the Yoast SEO plugin v22.5 - https:\/\/yoast.com\/wordpress\/plugins\/seo\/ -->\n<title>OBRAZY \/ PICTURES - Tom\u00e1\u0161 MA\u0158AS - mal\u00ed\u0159 a v\u00fdtvarn\u00edk<\/title>\n<meta name=\"robots\" content=\"index, follow, max-snippet:-1, max-image-preview:large, max-video-preview:-1\" \/>\n<link rel=\"canonical\" href=\"https:\/\/www.tomas-maras.cz\/index.php\/galerie\/\" \/>\n<meta property=\"og:locale\" content=\"cs_CZ\" \/>\n<meta property=\"og:type\" content=\"article\" \/>\n<meta property=\"og:title\" content=\"OBRAZY \/ PICTURES - Tom\u00e1\u0161 MA\u0158AS - mal\u00ed\u0159 a v\u00fdtvarn\u00edk\" \/>\n<meta property=\"og:url\" content=\"https:\/\/www.tomas-maras.cz\/index.php\/galerie\/\" \/>\n<meta property=\"og:site_name\" content=\"Tom\u00e1\u0161 MA\u0158AS - mal\u00ed\u0159 a v\u00fdtvarn\u00edk\" \/>\n<meta property=\"article:publisher\" content=\"https:\/\/www.facebook.com\/profile.php?id=100070739244128\" \/>\n<meta property=\"article:modified_time\" content=\"2024-03-28T17:31:23+00:00\" \/>\n<meta name=\"twitter:card\" content=\"summary_large_image\" \/>\n<meta name=\"twitter:label1\" content=\"Odhadovan\u00e1 doba \u010dten\u00ed\" \/>\n\t<meta name=\"twitter:data1\" content=\"1 minuta\" \/>\n<script type=\"application\/ld+json\" class=\"yoast-schema-graph\">{\"@context\":\"https:\/\/schema.org\",\"@graph\":[{\"@type\":\"WebPage\",\"@id\":\"https:\/\/www.tomas-maras.cz\/index.php\/galerie\/\",\"url\":\"https:\/\/www.tomas-maras.cz\/index.php\/galerie\/\",\"name\":\"OBRAZY \/ PICTURES - Tom\u00e1\u0161 MA\u0158AS - mal\u00ed\u0159 a v\u00fdtvarn\u00edk\",\"isPartOf\":{\"@id\":\"https:\/\/www.tomas-maras.cz\/#website\"},\"datePublished\":\"2024-02-04T20:43:59+00:00\",\"dateModified\":\"2024-03-28T17:31:23+00:00\",\"breadcrumb\":{\"@id\":\"https:\/\/www.tomas-maras.cz\/index.php\/galerie\/#breadcrumb\"},\"inLanguage\":\"cs\",\"potentialAction\":[{\"@type\":\"ReadAction\",\"target\":[\"https:\/\/www.tomas-maras.cz\/index.php\/galerie\/\"]}]},{\"@type\":\"BreadcrumbList\",\"@id\":\"https:\/\/www.tomas-maras.cz\/index.php\/galerie\/#breadcrumb\",\"itemListElement\":[{\"@type\":\"ListItem\",\"position\":1,\"name\":\"Dom\u016f\",\"item\":\"https:\/\/www.tomas-maras.cz\/\"},{\"@type\":\"ListItem\",\"position\":2,\"name\":\"OBRAZY \/ PICTURES\"}]},{\"@type\":\"WebSite\",\"@id\":\"https:\/\/www.tomas-maras.cz\/#website\",\"url\":\"https:\/\/www.tomas-maras.cz\/\",\"name\":\"tomas-maras.cz\",\"description\":\"\",\"publisher\":{\"@id\":\"https:\/\/www.tomas-maras.cz\/#\/schema\/person\/a229169f82a954ee069f99446051aa30\"},\"potentialAction\":[{\"@type\":\"SearchAction\",\"target\":{\"@type\":\"EntryPoint\",\"urlTemplate\":\"https:\/\/www.tomas-maras.cz\/?s={search_term_string}\"},\"query-input\":\"required name=search_term_string\"}],\"inLanguage\":\"cs\"},{\"@type\":[\"Person\",\"Organization\"],\"@id\":\"https:\/\/www.tomas-maras.cz\/#\/schema\/person\/a229169f82a954ee069f99446051aa30\",\"name\":\"tomasmaras\",\"image\":{\"@type\":\"ImageObject\",\"inLanguage\":\"cs\",\"@id\":\"https:\/\/www.tomas-maras.cz\/#\/schema\/person\/image\/\",\"url\":\"https:\/\/www.tomas-maras.cz\/wp-content\/uploads\/2021\/09\/IMG_9603-2-CB-scaled.jpg\",\"contentUrl\":\"https:\/\/www.tomas-maras.cz\/wp-content\/uploads\/2021\/09\/IMG_9603-2-CB-scaled.jpg\",\"width\":2560,\"height\":1986,\"caption\":\"tomasmaras\"},\"logo\":{\"@id\":\"https:\/\/www.tomas-maras.cz\/#\/schema\/person\/image\/\"},\"sameAs\":[\"http:\/\/localhost\/wordpress\",\"https:\/\/www.facebook.com\/profile.php?id=100070739244128\",\"https:\/\/www.instagram.com\/tomas.maras.art\/\"]}]}<\/script>\n<!-- \/ Yoast SEO plugin. -->","yoast_head_json":{"title":"OBRAZY \/ PICTURES - Tom\u00e1\u0161 MA\u0158AS - mal\u00ed\u0159 a v\u00fdtvarn\u00edk","robots":{"index":"index","follow":"follow","max-snippet":"max-snippet:-1","max-image-preview":"max-image-preview:large","max-video-preview":"max-video-preview:-1"},"canonical":"https:\/\/www.tomas-maras.cz\/index.php\/galerie\/","og_locale":"cs_CZ","og_type":"article","og_title":"OBRAZY \/ PICTURES - Tom\u00e1\u0161 MA\u0158AS - mal\u00ed\u0159 a v\u00fdtvarn\u00edk","og_url":"https:\/\/www.tomas-maras.cz\/index.php\/galerie\/","og_site_name":"Tom\u00e1\u0161 MA\u0158AS - mal\u00ed\u0159 a v\u00fdtvarn\u00edk","article_publisher":"https:\/\/www.facebook.com\/profile.php?id=100070739244128","article_modified_time":"2024-03-28T17:31:23+00:00","twitter_card":"summary_large_image","twitter_misc":{"Odhadovan\u00e1 doba \u010dten\u00ed":"1 minuta"},"schema":{"@context":"https:\/\/schema.org","@graph":[{"@type":"WebPage","@id":"https:\/\/www.tomas-maras.cz\/index.php\/galerie\/","url":"https:\/\/www.tomas-maras.cz\/index.php\/galerie\/","name":"OBRAZY \/ PICTURES - Tom\u00e1\u0161 MA\u0158AS - mal\u00ed\u0159 a v\u00fdtvarn\u00edk","isPartOf":{"@id":"https:\/\/www.tomas-maras.cz\/#website"},"datePublished":"2024-02-04T20:43:59+00:00","dateModified":"2024-03-28T17:31:23+00:00","breadcrumb":{"@id":"https:\/\/www.tomas-maras.cz\/index.php\/galerie\/#breadcrumb"},"inLanguage":"cs","potentialAction":[{"@type":"ReadAction","target":["https:\/\/www.tomas-maras.cz\/index.php\/galerie\/"]}]},{"@type":"BreadcrumbList","@id":"https:\/\/www.tomas-maras.cz\/index.php\/galerie\/#breadcrumb","itemListElement":[{"@type":"ListItem","position":1,"name":"Dom\u016f","item":"https:\/\/www.tomas-maras.cz\/"},{"@type":"ListItem","position":2,"name":"OBRAZY \/ PICTURES"}]},{"@type":"WebSite","@id":"https:\/\/www.tomas-maras.cz\/#website","url":"https:\/\/www.tomas-maras.cz\/","name":"tomas-maras.cz","description":"","publisher":{"@id":"https:\/\/www.tomas-maras.cz\/#\/schema\/person\/a229169f82a954ee069f99446051aa30"},"potentialAction":[{"@type":"SearchAction","target":{"@type":"EntryPoint","urlTemplate":"https:\/\/www.tomas-maras.cz\/?s={search_term_string}"},"query-input":"required name=search_term_string"}],"inLanguage":"cs"},{"@type":["Person","Organization"],"@id":"https:\/\/www.tomas-maras.cz\/#\/schema\/person\/a229169f82a954ee069f99446051aa30","name":"tomasmaras","image":{"@type":"ImageObject","inLanguage":"cs","@id":"https:\/\/www.tomas-maras.cz\/#\/schema\/person\/image\/","url":"https:\/\/www.tomas-maras.cz\/wp-content\/uploads\/2021\/09\/IMG_9603-2-CB-scaled.jpg","contentUrl":"https:\/\/www.tomas-maras.cz\/wp-content\/uploads\/2021\/09\/IMG_9603-2-CB-scaled.jpg","width":2560,"height":1986,"caption":"tomasmaras"},"logo":{"@id":"https:\/\/www.tomas-maras.cz\/#\/schema\/person\/image\/"},"sameAs":["http:\/\/localhost\/wordpress","https:\/\/www.facebook.com\/profile.php?id=100070739244128","https:\/\/www.instagram.com\/tomas.maras.art\/"]}]}},"_links":{"self":[{"href":"https:\/\/www.tomas-maras.cz\/index.php\/wp-json\/wp\/v2\/pages\/114"}],"collection":[{"href":"https:\/\/www.tomas-maras.cz\/index.php\/wp-json\/wp\/v2\/pages"}],"about":[{"href":"https:\/\/www.tomas-maras.cz\/index.php\/wp-json\/wp\/v2\/types\/page"}],"author":[{"embeddable":true,"href":"https:\/\/www.tomas-maras.cz\/index.php\/wp-json\/wp\/v2\/users\/1"}],"replies":[{"embeddable":true,"href":"https:\/\/www.tomas-maras.cz\/index.php\/wp-json\/wp\/v2\/comments?post=114"}],"version-history":[{"count":7,"href":"https:\/\/www.tomas-maras.cz\/index.php\/wp-json\/wp\/v2\/pages\/114\/revisions"}],"predecessor-version":[{"id":269,"href":"https:\/\/www.tomas-maras.cz\/index.php\/wp-json\/wp\/v2\/pages\/114\/revisions\/269"}],"wp:attachment":[{"href":"https:\/\/www.tomas-maras.cz\/index.php\/wp-json\/wp\/v2\/media?parent=114"}],"curies":[{"name":"wp","href":"https:\/\/api.w.org\/{rel}","templated":true}]}}